{"id":51,"date":"2012-08-11T19:19:09","date_gmt":"2012-08-11T17:19:09","guid":{"rendered":"http:\/\/erjobe.info\/dgb\/?page_id=51"},"modified":"2017-03-09T18:51:47","modified_gmt":"2017-03-09T17:51:47","slug":"om-bloggen","status":"publish","type":"page","link":"https:\/\/erjobe.info\/dgb\/om-bloggen\/","title":{"rendered":"Om bloggen"},"content":{"rendered":"<p>Jag som skriver h\u00e4r heter Johan Bengtsson och jag \u00e4r en vanlig bokmal som har en f\u00f6rk\u00e4rlek f\u00f6r \u00e4ldre litteratur. Till vardags arbetar jag som systemadministrat\u00f6r i G\u00f6teborg. Bland mina \u00f6vriga intressen finns datorer, g\u00f6r-det-sj\u00e4lv och fotografering.<\/p>\n<p>L\u00e4nk till min huvudsida: <a href=\"http:\/\/erjobe.info\" target=\"_blank\">http:\/\/erjobe.info<\/a><\/p>\n<p>&nbsp;<\/p>\n","protected":false},"excerpt":{"rendered":"<p>Jag som skriver h\u00e4r heter Johan Bengtsson och jag \u00e4r en vanlig bokmal som har en f\u00f6rk\u00e4rlek f\u00f6r \u00e4ldre litteratur. Till vardags arbetar jag som systemadministrat\u00f6r i G\u00f6teborg. Bland mina \u00f6vriga intressen finns datorer, g\u00f6r-det-sj\u00e4lv och fotografering. L\u00e4nk till min &hellip; <a href=\"https:\/\/erjobe.info\/dgb\/om-bloggen\/\">Continue reading <span class=\"meta-nav\">&rarr;<\/span><\/a><\/p>\n","protected":false},"author":2,"featured_media":0,"parent":0,"menu_order":0,"comment_status":"closed","ping_status":"open","template":"","meta":{"footnotes":""},"class_list":["post-51","page","type-page","status-publish","hentry"],"_links":{"self":[{"href":"https:\/\/erjobe.info\/dgb\/wp-json\/wp\/v2\/pages\/51","targetHints":{"allow":["GET"]}}],"collection":[{"href":"https:\/\/erjobe.info\/dgb\/wp-json\/wp\/v2\/pages"}],"about":[{"href":"https:\/\/erjobe.info\/dgb\/wp-json\/wp\/v2\/types\/page"}],"author":[{"embeddable":true,"href":"https:\/\/erjobe.info\/dgb\/wp-json\/wp\/v2\/users\/2"}],"replies":[{"embeddable":true,"href":"https:\/\/erjobe.info\/dgb\/wp-json\/wp\/v2\/comments?post=51"}],"version-history":[{"count":7,"href":"https:\/\/erjobe.info\/dgb\/wp-json\/wp\/v2\/pages\/51\/revisions"}],"predecessor-version":[{"id":121,"href":"https:\/\/erjobe.info\/dgb\/wp-json\/wp\/v2\/pages\/51\/revisions\/121"}],"wp:attachment":[{"href":"https:\/\/erjobe.info\/dgb\/wp-json\/wp\/v2\/media?parent=51"}],"curies":[{"name":"wp","href":"https:\/\/api.w.org\/{rel}","templated":true}]}}